{"id":2567,"date":"2023-09-04T11:27:47","date_gmt":"2023-09-04T11:27:47","guid":{"rendered":"https:\/\/ionianstarcruises.com\/foglalasok\/"},"modified":"2025-05-05T06:53:33","modified_gmt":"2025-05-05T06:53:33","slug":"foglalasok","status":"publish","type":"page","link":"https:\/\/ionianstarcruises.com\/hu\/foglalasok\/","title":{"rendered":"Foglal\u00e1sok"},"content":{"rendered":"\t\t<div data-elementor-type=\"wp-page\" data-elementor-id=\"2567\" class=\"elementor elementor-2567 elementor-498\" data-elementor-post-type=\"page\">\n\t\t\t\t\t\t<section class=\"elementor-section elementor-top-section elementor-element elementor-element-3433260f elementor-section-height-min-height elementor-section-items-bottom elementor-section-full_width elementor-section-stretched elementor-section-height-default\" data-id=\"3433260f\" data-element_type=\"section\" data-settings=\"{&quot;background_background&quot;:&quot;classic&quot;,&quot;hoteller_ext_is_background_parallax&quot;:&quot;true&quot;,&quot;stretch_section&quot;:&quot;section-stretched&quot;,&quot;hoteller_ext_is_background_parallax_speed&quot;:{&quot;unit&quot;:&quot;px&quot;,&quot;size&quot;:0.1,&quot;sizes&quot;:[]},&quot;hoteller_ext_is_background_backdrop&quot;:&quot;false&quot;,&quot;hoteller_ext_is_background_on_scroll&quot;:&quot;false&quot;}\">\n\t\t\t\t\t\t\t<div class=\"elementor-background-overlay\"><\/div>\n\t\t\t\t\t\t\t<div class=\"elementor-container elementor-column-gap-default\">\n\t\t\t\t\t<div class=\"elementor-column elementor-col-100 elementor-top-column elementor-element elementor-element-1624bef3\" data-id=\"1624bef3\" data-element_type=\"column\" data-settings=\"{&quot;hoteller_ext_is_smoove&quot;:&quot;true&quot;,&quot;hoteller_ext_smoove_duration&quot;:800,&quot;hoteller_ext_smoove_translatey&quot;:{&quot;unit&quot;:&quot;px&quot;,&quot;size&quot;:60,&quot;sizes&quot;:[]},&quot;hoteller_ext_link_sidemenu&quot;:&quot;false&quot;,&quot;hoteller_ext_link_fullmenu&quot;:&quot;false&quot;,&quot;hoteller_ext_link_closed_fullmenu&quot;:&quot;false&quot;,&quot;hoteller_ext_is_scrollme&quot;:&quot;false&quot;,&quot;hoteller_ext_smoove_disable&quot;:1,&quot;hoteller_ext_smoove_scalex&quot;:{&quot;unit&quot;:&quot;px&quot;,&quot;size&quot;:1,&quot;sizes&quot;:[]},&quot;hoteller_ext_smoove_scaley&quot;:{&quot;unit&quot;:&quot;px&quot;,&quot;size&quot;:1,&quot;sizes&quot;:[]},&quot;hoteller_ext_smoove_rotatex&quot;:{&quot;unit&quot;:&quot;px&quot;,&quot;size&quot;:0,&quot;sizes&quot;:[]},&quot;hoteller_ext_smoove_rotatey&quot;:{&quot;unit&quot;:&quot;px&quot;,&quot;size&quot;:0,&quot;sizes&quot;:[]},&quot;hoteller_ext_smoove_rotatez&quot;:{&quot;unit&quot;:&quot;px&quot;,&quot;size&quot;:0,&quot;sizes&quot;:[]},&quot;hoteller_ext_smoove_translatex&quot;:{&quot;unit&quot;:&quot;px&quot;,&quot;size&quot;:0,&quot;sizes&quot;:[]},&quot;hoteller_ext_smoove_translatez&quot;:{&quot;unit&quot;:&quot;px&quot;,&quot;size&quot;:0,&quot;sizes&quot;:[]},&quot;hoteller_ext_smoove_skewx&quot;:{&quot;unit&quot;:&quot;px&quot;,&quot;size&quot;:0,&quot;sizes&quot;:[]},&quot;hoteller_ext_smoove_skewy&quot;:{&quot;unit&quot;:&quot;px&quot;,&quot;size&quot;:0,&quot;sizes&quot;:[]},&quot;hoteller_ext_smoove_perspective&quot;:{&quot;unit&quot;:&quot;px&quot;,&quot;size&quot;:1000,&quot;sizes&quot;:[]},&quot;hoteller_ext_is_parallax_mouse&quot;:&quot;false&quot;,&quot;hoteller_ext_is_infinite&quot;:&quot;false&quot;,&quot;hoteller_ext_is_fadeout_animation&quot;:&quot;false&quot;,&quot;hoteller_ext_mobile_static&quot;:&quot;false&quot;}\">\n\t\t\t<div class=\"elementor-widget-wrap elementor-element-populated\">\n\t\t\t\t\t\t<div class=\"elementor-element elementor-element-362e68d2 elementor-widget elementor-widget-heading\" data-id=\"362e68d2\" data-element_type=\"widget\" data-settings=\"{&quot;hoteller_ext_link_sidemenu&quot;:&quot;false&quot;,&quot;hoteller_ext_link_fullmenu&quot;:&quot;false&quot;,&quot;hoteller_ext_link_closed_fullmenu&quot;:&quot;false&quot;,&quot;hoteller_ext_is_scrollme&quot;:&quot;false&quot;,&quot;hoteller_ext_is_smoove&quot;:&quot;false&quot;,&quot;hoteller_ext_is_parallax_mouse&quot;:&quot;false&quot;,&quot;hoteller_ext_is_infinite&quot;:&quot;false&quot;,&quot;hoteller_ext_is_fadeout_animation&quot;:&quot;false&quot;,&quot;hoteller_ext_mobile_static&quot;:&quot;false&quot;}\" data-widget_type=\"heading.default\">\n\t\t\t\t<div class=\"elementor-widget-container\">\n\t\t\t\t\t<h1 class=\"elementor-heading-title elementor-size-default\">Foglal\u00e1sok<\/h1>\t\t\t\t<\/div>\n\t\t\t\t<\/div>\n\t\t\t\t\t<\/div>\n\t\t<\/div>\n\t\t\t\t\t<\/div>\n\t\t<\/section>\n\t\t\t\t<section class=\"elementor-section elementor-top-section elementor-element elementor-element-98e0369 elementor-section-boxed elementor-section-height-default elementor-section-height-default\" data-id=\"98e0369\" data-element_type=\"section\" data-settings=\"{&quot;hoteller_ext_is_background_parallax&quot;:&quot;false&quot;,&quot;hoteller_ext_is_background_backdrop&quot;:&quot;false&quot;,&quot;hoteller_ext_is_background_on_scroll&quot;:&quot;false&quot;}\">\n\t\t\t\t\t\t<div class=\"elementor-container elementor-column-gap-default\">\n\t\t\t\t\t<div class=\"elementor-column elementor-col-100 elementor-top-column elementor-element elementor-element-7ff26be\" data-id=\"7ff26be\" data-element_type=\"column\" data-settings=\"{&quot;hoteller_ext_link_sidemenu&quot;:&quot;false&quot;,&quot;hoteller_ext_link_fullmenu&quot;:&quot;false&quot;,&quot;hoteller_ext_link_closed_fullmenu&quot;:&quot;false&quot;,&quot;hoteller_ext_is_scrollme&quot;:&quot;false&quot;,&quot;hoteller_ext_is_smoove&quot;:&quot;false&quot;,&quot;hoteller_ext_is_parallax_mouse&quot;:&quot;false&quot;,&quot;hoteller_ext_is_infinite&quot;:&quot;false&quot;,&quot;hoteller_ext_is_fadeout_animation&quot;:&quot;false&quot;,&quot;hoteller_ext_mobile_static&quot;:&quot;false&quot;}\">\n\t\t\t<div class=\"elementor-widget-wrap elementor-element-populated\">\n\t\t\t\t\t\t<div class=\"elementor-element elementor-element-7b21d53 elementor-widget-divider--view-line elementor-widget elementor-widget-divider\" data-id=\"7b21d53\" data-element_type=\"widget\" data-settings=\"{&quot;hoteller_ext_link_sidemenu&quot;:&quot;false&quot;,&quot;hoteller_ext_link_fullmenu&quot;:&quot;false&quot;,&quot;hoteller_ext_link_closed_fullmenu&quot;:&quot;false&quot;,&quot;hoteller_ext_is_scrollme&quot;:&quot;false&quot;,&quot;hoteller_ext_is_smoove&quot;:&quot;false&quot;,&quot;hoteller_ext_is_parallax_mouse&quot;:&quot;false&quot;,&quot;hoteller_ext_is_infinite&quot;:&quot;false&quot;,&quot;hoteller_ext_is_fadeout_animation&quot;:&quot;false&quot;,&quot;hoteller_ext_mobile_static&quot;:&quot;false&quot;}\" data-widget_type=\"divider.default\">\n\t\t\t\t<div class=\"elementor-widget-container\">\n\t\t\t\t\t\t\t<div class=\"elementor-divider\">\n\t\t\t<span class=\"elementor-divider-separator\">\n\t\t\t\t\t\t<\/span>\n\t\t<\/div>\n\t\t\t\t\t\t<\/div>\n\t\t\t\t<\/div>\n\t\t\t\t\t<\/div>\n\t\t<\/div>\n\t\t\t\t\t<\/div>\n\t\t<\/section>\n\t\t\t\t<section class=\"elementor-section elementor-top-section elementor-element elementor-element-5686672 elementor-section-boxed elementor-section-height-default elementor-section-height-default\" data-id=\"5686672\" data-element_type=\"section\" data-settings=\"{&quot;hoteller_ext_is_background_parallax&quot;:&quot;false&quot;,&quot;hoteller_ext_is_background_backdrop&quot;:&quot;false&quot;,&quot;hoteller_ext_is_background_on_scroll&quot;:&quot;false&quot;}\">\n\t\t\t\t\t\t<div class=\"elementor-container elementor-column-gap-default\">\n\t\t\t\t\t<div class=\"elementor-column elementor-col-100 elementor-top-column elementor-element elementor-element-4a76958\" data-id=\"4a76958\" data-element_type=\"column\" data-settings=\"{&quot;hoteller_ext_link_sidemenu&quot;:&quot;false&quot;,&quot;hoteller_ext_link_fullmenu&quot;:&quot;false&quot;,&quot;hoteller_ext_link_closed_fullmenu&quot;:&quot;false&quot;,&quot;hoteller_ext_is_scrollme&quot;:&quot;false&quot;,&quot;hoteller_ext_is_smoove&quot;:&quot;false&quot;,&quot;hoteller_ext_is_parallax_mouse&quot;:&quot;false&quot;,&quot;hoteller_ext_is_infinite&quot;:&quot;false&quot;,&quot;hoteller_ext_is_fadeout_animation&quot;:&quot;false&quot;,&quot;hoteller_ext_mobile_static&quot;:&quot;false&quot;}\">\n\t\t\t<div class=\"elementor-widget-wrap elementor-element-populated\">\n\t\t\t\t\t\t<div class=\"elementor-element elementor-element-830a80f elementor-widget elementor-widget-heading\" data-id=\"830a80f\" data-element_type=\"widget\" data-settings=\"{&quot;hoteller_ext_link_sidemenu&quot;:&quot;false&quot;,&quot;hoteller_ext_link_fullmenu&quot;:&quot;false&quot;,&quot;hoteller_ext_link_closed_fullmenu&quot;:&quot;false&quot;,&quot;hoteller_ext_is_scrollme&quot;:&quot;false&quot;,&quot;hoteller_ext_is_parallax_mouse&quot;:&quot;false&quot;,&quot;hoteller_ext_is_infinite&quot;:&quot;false&quot;,&quot;hoteller_ext_is_fadeout_animation&quot;:&quot;false&quot;,&quot;hoteller_ext_mobile_static&quot;:&quot;false&quot;}\" data-widget_type=\"heading.default\">\n\t\t\t\t<div class=\"elementor-widget-container\">\n\t\t\t\t\t<h2 class=\"elementor-heading-title elementor-size-default\">Foglaljon itt!<\/h2>\t\t\t\t<\/div>\n\t\t\t\t<\/div>\n\t\t\t\t<div class=\"elementor-element elementor-element-c4d69cf elementor-widget elementor-widget-text-editor\" data-id=\"c4d69cf\" data-element_type=\"widget\" data-settings=\"{&quot;hoteller_ext_link_sidemenu&quot;:&quot;false&quot;,&quot;hoteller_ext_link_fullmenu&quot;:&quot;false&quot;,&quot;hoteller_ext_link_closed_fullmenu&quot;:&quot;false&quot;,&quot;hoteller_ext_is_scrollme&quot;:&quot;false&quot;,&quot;hoteller_ext_is_smoove&quot;:&quot;false&quot;,&quot;hoteller_ext_is_parallax_mouse&quot;:&quot;false&quot;,&quot;hoteller_ext_is_infinite&quot;:&quot;false&quot;,&quot;hoteller_ext_is_fadeout_animation&quot;:&quot;false&quot;,&quot;hoteller_ext_mobile_static&quot;:&quot;false&quot;}\" data-widget_type=\"text-editor.default\">\n\t\t\t\t<div class=\"elementor-widget-container\">\n\t\t\t\t\t\t\t\t\t<div id=\"dec657fa-07ec-4669-8680-3c0561630c8b\" class=\"widget widget-content widget-content-content-4\">\n<div id=\"dec657fa-07ec-4669-8680-3c0561630c8b\" class=\"x-el x-el-div x-el c1-1 c1-2 c1-3 c1-b c1-c c1-d c1-e c1-f c1-g c1-1 c1-2 c1-b c1-c c1-d c1-e c1-f c1-g\" role=\"region\" data-ux=\"Widget\">\n<section class=\"x-el x-el-section c1-1 c1-2 c1-3 c1-i c1-j c1-b c1-c c1-m c1-n c1-d c1-e c1-f c1-g\" data-ux=\"Section\">\n<div class=\"x-el x-el-div c1-1 c1-2 c1-2e c1-2f c1-v c1-w c1-23 c1-b c1-c c1-3d c1-d c1-3e c1-e c1-3f c1-f c1-3g c1-g\" data-ux=\"Container\">\n<div class=\"x-el x-el-div c1-1 c1-2 c1-15 c1-7m c1-7n c1-7o c1-16 c1-7p c1-18 c1-7q c1-7d c1-b c1-c c1-7r c1-7s c1-7t c1-7u c1-d c1-e c1-f c1-g\" data-ux=\"Grid\">\n<div class=\"x-el x-el-div c1-1 c1-2 c1-7m c1-7c c1-7v c1-7w c1-23 c1-29 c1-7x c1-2b c1-7y c1-b c1-c c1-7z c1-80 c1-81 c1-82 c1-83 c1-84 c1-85 c1-d c1-86 c1-87 c1-88 c1-e c1-f c1-g\" data-ux=\"GridCell\">\n<div class=\"x-el x-el-div x-el c1-1 c1-2 c1-15 c1-5c c1-4 c1-89 c1-13 c1-7d c1-8a c1-8b c1-b c1-c c1-8c c1-8d c1-d c1-e c1-f c1-g c1-1 c1-2 c1-b c1-c c1-d c1-e c1-f c1-g\" data-ux=\"ContentBasic\">\n<div class=\"x-el c1-1 c1-2 c1-1w c1-1f c1-4y c1-16 c1-18 c1-8l c1-8m c1-8n c1-8o c1-8p c1-8q c1-8r c1-8s c1-8t c1-8u c1-8v c1-8w c1-8x c1-8y c1-8z c1-90 c1-91 c1-92 c1-93 c1-94 c1-95 c1-96 c1-97 c1-98 c1-99 c1-9a c1-9b c1-9c c1-7c c1-b c1-9d c1-9e c1-4b c1-9f c1-9g c1-9h c1-9i x-rt\" data-ux=\"FeaturedText\" data-aid=\"CONTENT_WELCOME_DESCRIPTION_RENDERED\" data-typography=\"BodyAlpha\" data-font-scaled=\"true\">\n<p>Biztons\u00e1gos online foglal\u00e1si rendszer\u00fcnk\u00f6n kereszt\u00fcl foglalhat haj\u00f3\u00fatjaink egyik\u00e9re:<\/p>\n<\/div>\n<\/div>\n<\/div>\n<\/div>\n<\/div>\n<\/section>\n<\/div>\n<\/div>\n<div id=\"e2307609-8ae5-4552-aeae-870c326dc1ad\" class=\"widget widget-html widget-html-html-1\">\n<div class=\"x-el x-el-div x-el c1-1 c1-2 c1-3 c1-b c1-c c1-d c1-e c1-f c1-g c1-1 c1-2 c1-b c1-c c1-d c1-e c1-f c1-g\" role=\"region\" data-ux=\"Widget\">\n<div>\n<section class=\"x-el x-el-section c1-1 c1-2 c1-3 c1-i c1-j c1-b c1-c c1-m c1-n c1-d c1-e c1-f c1-g\" data-ux=\"Section\" data-aid=\"HTML_SECTION_RENDERED\">\n<div class=\"x-el x-el-div c1-1 c1-2 c1-2e c1-2f c1-v c1-w c1-23 c1-b c1-c c1-3d c1-d c1-3e c1-e c1-3f c1-f c1-3g c1-g\" data-ux=\"Container\">\n<div class=\"x-el x-el-div c1-1 c1-2 c1-15 c1-7m c1-7n c1-7o c1-16 c1-7p c1-18 c1-7q c1-b c1-c c1-7r c1-7s c1-7t c1-7u c1-d c1-e c1-f c1-g\" data-ux=\"Grid\">\n<div class=\"x-el x-el-div c1-1 c1-2 c1-7m c1-7c c1-7v c1-7w c1-23 c1-29 c1-7x c1-2b c1-7y c1-b c1-c c1-82 c1-83 c1-84 c1-85 c1-d c1-9o c1-9p c1-e c1-f c1-g\" data-ux=\"GridCell\"><\/div>\n<\/div>\n<\/div>\n<\/section>\n<\/div>\n<\/div>\n<\/div>\n\t\t\t\t\t\t\t\t<\/div>\n\t\t\t\t<\/div>\n\t\t\t\t<div class=\"elementor-element elementor-element-c07b293 elementor-widget elementor-widget-html\" data-id=\"c07b293\" data-element_type=\"widget\" data-settings=\"{&quot;hoteller_ext_link_sidemenu&quot;:&quot;false&quot;,&quot;hoteller_ext_link_fullmenu&quot;:&quot;false&quot;,&quot;hoteller_ext_link_closed_fullmenu&quot;:&quot;false&quot;,&quot;hoteller_ext_is_scrollme&quot;:&quot;false&quot;,&quot;hoteller_ext_is_smoove&quot;:&quot;false&quot;,&quot;hoteller_ext_is_parallax_mouse&quot;:&quot;false&quot;,&quot;hoteller_ext_is_infinite&quot;:&quot;false&quot;,&quot;hoteller_ext_is_fadeout_animation&quot;:&quot;false&quot;,&quot;hoteller_ext_mobile_static&quot;:&quot;false&quot;}\" data-widget_type=\"html.default\">\n\t\t\t\t<div class=\"elementor-widget-container\">\n\t\t\t\t\t<!-- FareHarbor calendar -->\r\n<script src=\"https:\/\/fareharbor.com\/embeds\/script\/calendar\/ionianstarcruises\/?fallback=simple&full-items=yes\"><\/script>\t\t\t\t<\/div>\n\t\t\t\t<\/div>\n\t\t\t\t\t<\/div>\n\t\t<\/div>\n\t\t\t\t\t<\/div>\n\t\t<\/section>\n\t\t\t\t<\/div>\n\t\t","protected":false},"excerpt":{"rendered":"<p>Foglal\u00e1sok Foglaljon itt! Biztons\u00e1gos online foglal\u00e1si rendszer\u00fcnk\u00f6n kereszt\u00fcl foglalhat haj\u00f3\u00fatjaink egyik\u00e9re:<\/p>\n","protected":false},"author":1,"featured_media":0,"parent":0,"menu_order":0,"comment_status":"closed","ping_status":"closed","template":"","meta":{"footnotes":""},"class_list":["post-2567","page","type-page","status-publish","hentry"],"yoast_head":"<!-- This site is optimized with the Yoast SEO plugin v24.5 - https:\/\/yoast.com\/wordpress\/plugins\/seo\/ -->\n<title>Foglal\u00e1sok - IONIAN STAR CRUISES - Lefkada daily cruises &amp; private charter boat<\/title>\n<meta name=\"robots\" content=\"index, follow, max-snippet:-1, max-image-preview:large, max-video-preview:-1\" \/>\n<link rel=\"canonical\" href=\"https:\/\/ionianstarcruises.com\/bookings\/\" \/>\n<meta property=\"og:locale\" content=\"hu_HU\" \/>\n<meta property=\"og:type\" content=\"article\" \/>\n<meta property=\"og:title\" content=\"Foglal\u00e1sok - IONIAN STAR CRUISES - Lefkada daily cruises &amp; private charter boat\" \/>\n<meta property=\"og:description\" content=\"Foglal\u00e1sok Foglaljon itt! Biztons\u00e1gos online foglal\u00e1si rendszer\u00fcnk\u00f6n kereszt\u00fcl foglalhat haj\u00f3\u00fatjaink egyik\u00e9re:\" \/>\n<meta property=\"og:url\" content=\"https:\/\/ionianstarcruises.com\/bookings\/\" \/>\n<meta property=\"og:site_name\" content=\"IONIAN STAR CRUISES - Lefkada daily cruises &amp; private charter boat\" \/>\n<meta property=\"article:modified_time\" content=\"2025-05-05T06:53:33+00:00\" \/>\n<meta name=\"twitter:card\" content=\"summary_large_image\" \/>\n<script type=\"application\/ld+json\" class=\"yoast-schema-graph\">{\"@context\":\"https:\/\/schema.org\",\"@graph\":[{\"@type\":\"WebPage\",\"@id\":\"https:\/\/ionianstarcruises.com\/bookings\/\",\"url\":\"https:\/\/ionianstarcruises.com\/bookings\/\",\"name\":\"Foglal\u00e1sok - IONIAN STAR CRUISES - Lefkada daily cruises &amp; private charter boat\",\"isPartOf\":{\"@id\":\"https:\/\/ionianstarcruises.com\/#website\"},\"datePublished\":\"2023-09-04T11:27:47+00:00\",\"dateModified\":\"2025-05-05T06:53:33+00:00\",\"breadcrumb\":{\"@id\":\"https:\/\/ionianstarcruises.com\/bookings\/#breadcrumb\"},\"inLanguage\":\"hu\",\"potentialAction\":[{\"@type\":\"ReadAction\",\"target\":[\"https:\/\/ionianstarcruises.com\/bookings\/\"]}]},{\"@type\":\"BreadcrumbList\",\"@id\":\"https:\/\/ionianstarcruises.com\/bookings\/#breadcrumb\",\"itemListElement\":[{\"@type\":\"ListItem\",\"position\":1,\"name\":\"Home\",\"item\":\"https:\/\/ionianstarcruises.com\/\"},{\"@type\":\"ListItem\",\"position\":2,\"name\":\"Foglal\u00e1sok\"}]},{\"@type\":\"WebSite\",\"@id\":\"https:\/\/ionianstarcruises.com\/#website\",\"url\":\"https:\/\/ionianstarcruises.com\/\",\"name\":\"IONIAN STAR CRUISES - Lefkada daily cruises &amp; private charter boat\",\"description\":\" Lefkada daily cruises &amp; private charter boat\",\"potentialAction\":[{\"@type\":\"SearchAction\",\"target\":{\"@type\":\"EntryPoint\",\"urlTemplate\":\"https:\/\/ionianstarcruises.com\/?s={search_term_string}\"},\"query-input\":{\"@type\":\"PropertyValueSpecification\",\"valueRequired\":true,\"valueName\":\"search_term_string\"}}],\"inLanguage\":\"hu\"}]}<\/script>\n<!-- \/ Yoast SEO plugin. -->","yoast_head_json":{"title":"Foglal\u00e1sok - IONIAN STAR CRUISES - Lefkada daily cruises &amp; private charter boat","robots":{"index":"index","follow":"follow","max-snippet":"max-snippet:-1","max-image-preview":"max-image-preview:large","max-video-preview":"max-video-preview:-1"},"canonical":"https:\/\/ionianstarcruises.com\/bookings\/","og_locale":"hu_HU","og_type":"article","og_title":"Foglal\u00e1sok - IONIAN STAR CRUISES - Lefkada daily cruises &amp; private charter boat","og_description":"Foglal\u00e1sok Foglaljon itt! Biztons\u00e1gos online foglal\u00e1si rendszer\u00fcnk\u00f6n kereszt\u00fcl foglalhat haj\u00f3\u00fatjaink egyik\u00e9re:","og_url":"https:\/\/ionianstarcruises.com\/bookings\/","og_site_name":"IONIAN STAR CRUISES - Lefkada daily cruises &amp; private charter boat","article_modified_time":"2025-05-05T06:53:33+00:00","twitter_card":"summary_large_image","schema":{"@context":"https:\/\/schema.org","@graph":[{"@type":"WebPage","@id":"https:\/\/ionianstarcruises.com\/bookings\/","url":"https:\/\/ionianstarcruises.com\/bookings\/","name":"Foglal\u00e1sok - IONIAN STAR CRUISES - Lefkada daily cruises &amp; private charter boat","isPartOf":{"@id":"https:\/\/ionianstarcruises.com\/#website"},"datePublished":"2023-09-04T11:27:47+00:00","dateModified":"2025-05-05T06:53:33+00:00","breadcrumb":{"@id":"https:\/\/ionianstarcruises.com\/bookings\/#breadcrumb"},"inLanguage":"hu","potentialAction":[{"@type":"ReadAction","target":["https:\/\/ionianstarcruises.com\/bookings\/"]}]},{"@type":"BreadcrumbList","@id":"https:\/\/ionianstarcruises.com\/bookings\/#breadcrumb","itemListElement":[{"@type":"ListItem","position":1,"name":"Home","item":"https:\/\/ionianstarcruises.com\/"},{"@type":"ListItem","position":2,"name":"Foglal\u00e1sok"}]},{"@type":"WebSite","@id":"https:\/\/ionianstarcruises.com\/#website","url":"https:\/\/ionianstarcruises.com\/","name":"IONIAN STAR CRUISES - Lefkada daily cruises &amp; private charter boat","description":" Lefkada daily cruises &amp; private charter boat","potentialAction":[{"@type":"SearchAction","target":{"@type":"EntryPoint","urlTemplate":"https:\/\/ionianstarcruises.com\/?s={search_term_string}"},"query-input":{"@type":"PropertyValueSpecification","valueRequired":true,"valueName":"search_term_string"}}],"inLanguage":"hu"}]}},"_links":{"self":[{"href":"https:\/\/ionianstarcruises.com\/hu\/wp-json\/wp\/v2\/pages\/2567","targetHints":{"allow":["GET"]}}],"collection":[{"href":"https:\/\/ionianstarcruises.com\/hu\/wp-json\/wp\/v2\/pages"}],"about":[{"href":"https:\/\/ionianstarcruises.com\/hu\/wp-json\/wp\/v2\/types\/page"}],"author":[{"embeddable":true,"href":"https:\/\/ionianstarcruises.com\/hu\/wp-json\/wp\/v2\/users\/1"}],"replies":[{"embeddable":true,"href":"https:\/\/ionianstarcruises.com\/hu\/wp-json\/wp\/v2\/comments?post=2567"}],"version-history":[{"count":7,"href":"https:\/\/ionianstarcruises.com\/hu\/wp-json\/wp\/v2\/pages\/2567\/revisions"}],"predecessor-version":[{"id":2939,"href":"https:\/\/ionianstarcruises.com\/hu\/wp-json\/wp\/v2\/pages\/2567\/revisions\/2939"}],"wp:attachment":[{"href":"https:\/\/ionianstarcruises.com\/hu\/wp-json\/wp\/v2\/media?parent=2567"}],"curies":[{"name":"wp","href":"https:\/\/api.w.org\/{rel}","templated":true}]}}